{"id":27242,"date":"2025-04-24T23:12:00","date_gmt":"2025-04-24T23:12:00","guid":{"rendered":"https:\/\/glowery.me\/produkt\/padstow-silber-und-geflochtenes-lederarmband-fern-green\/"},"modified":"2025-04-24T23:12:00","modified_gmt":"2025-04-24T23:12:00","slug":"padstow-silber-und-geflochtenes-lederarmband-fern-green","status":"publish","type":"product","link":"https:\/\/glowery.me\/de\/produkt\/padstow-silber-und-geflochtenes-lederarmband-fern-green\/","title":{"rendered":"Padstow Silber und geflochtenes Lederarmband &#8211; Fern Green"},"content":{"rendered":"<p>Das Fern Green Padstow Armband aus Silber und geflochtenem Leder wurde komplett in Gro\u00dfbritannien entworfen und in Handarbeit gefertigt. Dieses Armband von ANCHOR &amp; CREW kombiniert britische Handwerkskunst mit einem anspruchsvollen, modern-minimalistischen Stil: <\/p>\n<ul>\n<li>\n<p>Echtes und nat\u00fcrliches geflochtenes Leder in runder Form (GB)<\/p>\n<\/li>\n<li>\n<p>Sichere Barhakenklammer aus massivem .925 Sterlingsilber (GB)<\/p>\n<\/li>\n<li>\n<p>Handgefertigt in Gro\u00dfbritannien<\/p>\n<\/li>\n<li>\n<p>Garantie: 1 Jahr Markengarantie<\/p>\n<\/li>\n<li>\n<p>Transparenz: Ethische Lieferkette<\/p>\n<\/li>\n<\/ul>\n<p>Gr\u00f6\u00dfe: Dieses Armband ist in drei L\u00e4ngen erh\u00e4ltlich: 17 cm (XS), 19 cm (S), 21 cm (M) &#8211; am beliebtesten &#8211; oder 23 cm (L) Umfang. Um das Armband am Handgelenk an- oder abzulegen, schieben Sie einfach den Haken \u00fcber den flachen Verschluss und schlie\u00dfen ihn. <\/p>\n","protected":false},"excerpt":{"rendered":"<p>Das Fern Green Padstow Armband aus Silber und geflochtenem Leder wurde komplett in Gro\u00dfbritannien entworfen und in Handarbeit gefertigt. Dieses Armband von ANCHOR &amp; CREW kombiniert britische Handwerkskunst mit einem anspruchsvollen, modern-minimalistischen Stil: <\/p>\n<ul>\n<li>\n<p>Echtes und nat\u00fcrliches geflochtenes Leder in runder Form (GB)<\/p>\n<\/li>\n<li>\n<p>Sichere Barhakenklammer aus massivem .925 Sterlingsilber (GB)<\/p>\n<\/li>\n<li>\n<p>Handgefertigt in Gro\u00dfbritannien<\/p>\n<\/li>\n<li>\n<p>Garantie: 1 Jahr Markengarantie<\/p>\n<\/li>\n<li>\n<p>Transparenz: Ethische Lieferkette<\/p>\n<\/li>\n<\/ul>\n<p>Gr\u00f6\u00dfe: Dieses Armband ist in drei L\u00e4ngen erh\u00e4ltlich: 17 cm (XS), 19 cm (S), 21 cm (M) &#8211; am beliebtesten &#8211; oder 23 cm (L) Umfang. Um das Armband am Handgelenk an- oder abzulegen, schieben Sie einfach den Haken \u00fcber den flachen Verschluss und schlie\u00dfen ihn. <\/p>\n","protected":false},"featured_media":12019,"comment_status":"open","ping_status":"closed","template":"","meta":[],"product_brand":[],"product_cat":[154,126],"product_tag":[],"class_list":{"0":"post-27242","1":"product","2":"type-product","3":"status-publish","4":"has-post-thumbnail","6":"product_cat-armbander","7":"product_cat-schmuck","9":"first","10":"instock","11":"shipping-taxable","12":"purchasable","13":"product-type-variable"},"yoast_head":"<!-- This site is optimized with the Yoast SEO plugin v25.3 - https:\/\/yoast.com\/wordpress\/plugins\/seo\/ -->\n<title>Padstow Silber und geflochtenes Lederarmband - Fern Green - Glowery<\/title>\n<meta name=\"robots\" content=\"index, follow, max-snippet:-1, max-image-preview:large, max-video-preview:-1\" \/>\n<link rel=\"canonical\" href=\"https:\/\/glowery.me\/de\/produkt\/padstow-silber-und-geflochtenes-lederarmband-fern-green\/\" \/>\n<meta property=\"og:locale\" content=\"de_DE\" \/>\n<meta property=\"og:type\" content=\"article\" \/>\n<meta property=\"og:title\" content=\"Padstow Silber und geflochtenes Lederarmband - Fern Green - Glowery\" \/>\n<meta property=\"og:description\" content=\"Das Fern Green Padstow Armband aus Silber und geflochtenem Leder wurde komplett in Gro\u00dfbritannien entworfen und in Handarbeit gefertigt. Dieses Armband von ANCHOR &amp; CREW kombiniert britische Handwerkskunst mit einem anspruchsvollen, modern-minimalistischen Stil: Echtes und nat\u00fcrliches geflochtenes Leder in runder Form (GB)Sichere Barhakenklammer aus massivem .925 Sterlingsilber (GB)Handgefertigt in Gro\u00dfbritannienGarantie: 1 Jahr MarkengarantieTransparenz: Ethische LieferketteGr\u00f6\u00dfe: Dieses Armband ist in drei L\u00e4ngen erh\u00e4ltlich: 17 cm (XS), 19 cm (S), 21 cm (M) - am beliebtesten - oder 23 cm (L) Umfang. Um das Armband am Handgelenk an- oder abzulegen, schieben Sie einfach den Haken \u00fcber den flachen Verschluss und schlie\u00dfen ihn.\" \/>\n<meta property=\"og:url\" content=\"https:\/\/glowery.me\/de\/produkt\/padstow-silber-und-geflochtenes-lederarmband-fern-green\/\" \/>\n<meta property=\"og:site_name\" content=\"Glowery\" \/>\n<meta property=\"article:publisher\" content=\"https:\/\/www.facebook.com\/profile.php?id=61575866108739\" \/>\n<meta property=\"og:image\" content=\"https:\/\/glowery.me\/wp-content\/uploads\/2025\/04\/padstow-silver-and-braided-leather-bracelet-fern-green-0aa6a1fa.jpg\" \/>\n\t<meta property=\"og:image:width\" content=\"2000\" \/>\n\t<meta property=\"og:image:height\" content=\"2000\" \/>\n\t<meta property=\"og:image:type\" content=\"image\/jpeg\" \/>\n<meta name=\"twitter:card\" content=\"summary_large_image\" \/>\n<meta name=\"twitter:label1\" content=\"Gesch\u00e4tzte Lesezeit\" \/>\n\t<meta name=\"twitter:data1\" content=\"1\u00a0Minute\" \/>\n<script type=\"application\/ld+json\" class=\"yoast-schema-graph\">{\"@context\":\"https:\/\/schema.org\",\"@graph\":[{\"@type\":\"WebPage\",\"@id\":\"https:\/\/glowery.me\/de\/produkt\/padstow-silber-und-geflochtenes-lederarmband-fern-green\/\",\"url\":\"https:\/\/glowery.me\/de\/produkt\/padstow-silber-und-geflochtenes-lederarmband-fern-green\/\",\"name\":\"Padstow Silber und geflochtenes Lederarmband - Fern Green - Glowery\",\"isPartOf\":{\"@id\":\"https:\/\/glowery.me\/#website\"},\"primaryImageOfPage\":{\"@id\":\"https:\/\/glowery.me\/de\/produkt\/padstow-silber-und-geflochtenes-lederarmband-fern-green\/#primaryimage\"},\"image\":{\"@id\":\"https:\/\/glowery.me\/de\/produkt\/padstow-silber-und-geflochtenes-lederarmband-fern-green\/#primaryimage\"},\"thumbnailUrl\":\"https:\/\/glowery.me\/wp-content\/uploads\/2025\/04\/padstow-silver-and-braided-leather-bracelet-fern-green-0aa6a1fa.jpg\",\"datePublished\":\"2025-04-24T23:12:00+00:00\",\"breadcrumb\":{\"@id\":\"https:\/\/glowery.me\/de\/produkt\/padstow-silber-und-geflochtenes-lederarmband-fern-green\/#breadcrumb\"},\"inLanguage\":\"de\",\"potentialAction\":[{\"@type\":\"ReadAction\",\"target\":[\"https:\/\/glowery.me\/de\/produkt\/padstow-silber-und-geflochtenes-lederarmband-fern-green\/\"]}]},{\"@type\":\"ImageObject\",\"inLanguage\":\"de\",\"@id\":\"https:\/\/glowery.me\/de\/produkt\/padstow-silber-und-geflochtenes-lederarmband-fern-green\/#primaryimage\",\"url\":\"https:\/\/glowery.me\/wp-content\/uploads\/2025\/04\/padstow-silver-and-braided-leather-bracelet-fern-green-0aa6a1fa.jpg\",\"contentUrl\":\"https:\/\/glowery.me\/wp-content\/uploads\/2025\/04\/padstow-silver-and-braided-leather-bracelet-fern-green-0aa6a1fa.jpg\",\"width\":2000,\"height\":2000},{\"@type\":\"BreadcrumbList\",\"@id\":\"https:\/\/glowery.me\/de\/produkt\/padstow-silber-und-geflochtenes-lederarmband-fern-green\/#breadcrumb\",\"itemListElement\":[{\"@type\":\"ListItem\",\"position\":1,\"name\":\"Home\",\"item\":\"https:\/\/glowery.me\/de\/startseite\/\"},{\"@type\":\"ListItem\",\"position\":2,\"name\":\"Shop\",\"item\":\"https:\/\/glowery.me\/de\/shop\/\"},{\"@type\":\"ListItem\",\"position\":3,\"name\":\"Padstow Silber und geflochtenes Lederarmband &#8211; Fern Green\"}]},{\"@type\":\"WebSite\",\"@id\":\"https:\/\/glowery.me\/#website\",\"url\":\"https:\/\/glowery.me\/\",\"name\":\"Glowery\",\"description\":\"Stilvolle Essentials \u2013 von zeitlosem Schmuck \u00fcber elegante Taschen und Schuhe bis hin zu ausgew\u00e4hlten Kleidern und nat\u00fcrlicher Kosmetik.\",\"publisher\":{\"@id\":\"https:\/\/glowery.me\/#organization\"},\"potentialAction\":[{\"@type\":\"SearchAction\",\"target\":{\"@type\":\"EntryPoint\",\"urlTemplate\":\"https:\/\/glowery.me\/?s={search_term_string}\"},\"query-input\":{\"@type\":\"PropertyValueSpecification\",\"valueRequired\":true,\"valueName\":\"search_term_string\"}}],\"inLanguage\":\"de\"},{\"@type\":\"Organization\",\"@id\":\"https:\/\/glowery.me\/#organization\",\"name\":\"Glowery\",\"url\":\"https:\/\/glowery.me\/\",\"logo\":{\"@type\":\"ImageObject\",\"inLanguage\":\"de\",\"@id\":\"https:\/\/glowery.me\/#\/schema\/logo\/image\/\",\"url\":\"https:\/\/glowery.me\/wp-content\/uploads\/2025\/05\/Glowery-e1746421067847.png\",\"contentUrl\":\"https:\/\/glowery.me\/wp-content\/uploads\/2025\/05\/Glowery-e1746421067847.png\",\"width\":494,\"height\":146,\"caption\":\"Glowery\"},\"image\":{\"@id\":\"https:\/\/glowery.me\/#\/schema\/logo\/image\/\"},\"sameAs\":[\"https:\/\/www.facebook.com\/profile.php?id=61575866108739\",\"https:\/\/www.instagram.com\/glowery.me\",\"https:\/\/www.tiktok.com\/@glowery.me?_t=ZN-8wLhgUVkGCk&_r=1\"]}]}<\/script>\n<!-- \/ Yoast SEO plugin. -->","yoast_head_json":{"title":"Padstow Silber und geflochtenes Lederarmband - Fern Green - Glowery","robots":{"index":"index","follow":"follow","max-snippet":"max-snippet:-1","max-image-preview":"max-image-preview:large","max-video-preview":"max-video-preview:-1"},"canonical":"https:\/\/glowery.me\/de\/produkt\/padstow-silber-und-geflochtenes-lederarmband-fern-green\/","og_locale":"de_DE","og_type":"article","og_title":"Padstow Silber und geflochtenes Lederarmband - Fern Green - Glowery","og_description":"Das Fern Green Padstow Armband aus Silber und geflochtenem Leder wurde komplett in Gro\u00dfbritannien entworfen und in Handarbeit gefertigt. Dieses Armband von ANCHOR &amp; CREW kombiniert britische Handwerkskunst mit einem anspruchsvollen, modern-minimalistischen Stil: Echtes und nat\u00fcrliches geflochtenes Leder in runder Form (GB)Sichere Barhakenklammer aus massivem .925 Sterlingsilber (GB)Handgefertigt in Gro\u00dfbritannienGarantie: 1 Jahr MarkengarantieTransparenz: Ethische LieferketteGr\u00f6\u00dfe: Dieses Armband ist in drei L\u00e4ngen erh\u00e4ltlich: 17 cm (XS), 19 cm (S), 21 cm (M) - am beliebtesten - oder 23 cm (L) Umfang. Um das Armband am Handgelenk an- oder abzulegen, schieben Sie einfach den Haken \u00fcber den flachen Verschluss und schlie\u00dfen ihn.","og_url":"https:\/\/glowery.me\/de\/produkt\/padstow-silber-und-geflochtenes-lederarmband-fern-green\/","og_site_name":"Glowery","article_publisher":"https:\/\/www.facebook.com\/profile.php?id=61575866108739","og_image":[{"width":2000,"height":2000,"url":"https:\/\/glowery.me\/wp-content\/uploads\/2025\/04\/padstow-silver-and-braided-leather-bracelet-fern-green-0aa6a1fa.jpg","type":"image\/jpeg"}],"twitter_card":"summary_large_image","twitter_misc":{"Gesch\u00e4tzte Lesezeit":"1\u00a0Minute"},"schema":{"@context":"https:\/\/schema.org","@graph":[{"@type":"WebPage","@id":"https:\/\/glowery.me\/de\/produkt\/padstow-silber-und-geflochtenes-lederarmband-fern-green\/","url":"https:\/\/glowery.me\/de\/produkt\/padstow-silber-und-geflochtenes-lederarmband-fern-green\/","name":"Padstow Silber und geflochtenes Lederarmband - Fern Green - Glowery","isPartOf":{"@id":"https:\/\/glowery.me\/#website"},"primaryImageOfPage":{"@id":"https:\/\/glowery.me\/de\/produkt\/padstow-silber-und-geflochtenes-lederarmband-fern-green\/#primaryimage"},"image":{"@id":"https:\/\/glowery.me\/de\/produkt\/padstow-silber-und-geflochtenes-lederarmband-fern-green\/#primaryimage"},"thumbnailUrl":"https:\/\/glowery.me\/wp-content\/uploads\/2025\/04\/padstow-silver-and-braided-leather-bracelet-fern-green-0aa6a1fa.jpg","datePublished":"2025-04-24T23:12:00+00:00","breadcrumb":{"@id":"https:\/\/glowery.me\/de\/produkt\/padstow-silber-und-geflochtenes-lederarmband-fern-green\/#breadcrumb"},"inLanguage":"de","potentialAction":[{"@type":"ReadAction","target":["https:\/\/glowery.me\/de\/produkt\/padstow-silber-und-geflochtenes-lederarmband-fern-green\/"]}]},{"@type":"ImageObject","inLanguage":"de","@id":"https:\/\/glowery.me\/de\/produkt\/padstow-silber-und-geflochtenes-lederarmband-fern-green\/#primaryimage","url":"https:\/\/glowery.me\/wp-content\/uploads\/2025\/04\/padstow-silver-and-braided-leather-bracelet-fern-green-0aa6a1fa.jpg","contentUrl":"https:\/\/glowery.me\/wp-content\/uploads\/2025\/04\/padstow-silver-and-braided-leather-bracelet-fern-green-0aa6a1fa.jpg","width":2000,"height":2000},{"@type":"BreadcrumbList","@id":"https:\/\/glowery.me\/de\/produkt\/padstow-silber-und-geflochtenes-lederarmband-fern-green\/#breadcrumb","itemListElement":[{"@type":"ListItem","position":1,"name":"Home","item":"https:\/\/glowery.me\/de\/startseite\/"},{"@type":"ListItem","position":2,"name":"Shop","item":"https:\/\/glowery.me\/de\/shop\/"},{"@type":"ListItem","position":3,"name":"Padstow Silber und geflochtenes Lederarmband &#8211; Fern Green"}]},{"@type":"WebSite","@id":"https:\/\/glowery.me\/#website","url":"https:\/\/glowery.me\/","name":"Glowery","description":"Stilvolle Essentials \u2013 von zeitlosem Schmuck \u00fcber elegante Taschen und Schuhe bis hin zu ausgew\u00e4hlten Kleidern und nat\u00fcrlicher Kosmetik.","publisher":{"@id":"https:\/\/glowery.me\/#organization"},"potentialAction":[{"@type":"SearchAction","target":{"@type":"EntryPoint","urlTemplate":"https:\/\/glowery.me\/?s={search_term_string}"},"query-input":{"@type":"PropertyValueSpecification","valueRequired":true,"valueName":"search_term_string"}}],"inLanguage":"de"},{"@type":"Organization","@id":"https:\/\/glowery.me\/#organization","name":"Glowery","url":"https:\/\/glowery.me\/","logo":{"@type":"ImageObject","inLanguage":"de","@id":"https:\/\/glowery.me\/#\/schema\/logo\/image\/","url":"https:\/\/glowery.me\/wp-content\/uploads\/2025\/05\/Glowery-e1746421067847.png","contentUrl":"https:\/\/glowery.me\/wp-content\/uploads\/2025\/05\/Glowery-e1746421067847.png","width":494,"height":146,"caption":"Glowery"},"image":{"@id":"https:\/\/glowery.me\/#\/schema\/logo\/image\/"},"sameAs":["https:\/\/www.facebook.com\/profile.php?id=61575866108739","https:\/\/www.instagram.com\/glowery.me","https:\/\/www.tiktok.com\/@glowery.me?_t=ZN-8wLhgUVkGCk&_r=1"]}]}},"jetpack_sharing_enabled":true,"_links":{"self":[{"href":"https:\/\/glowery.me\/de\/wp-json\/wp\/v2\/product\/27242","targetHints":{"allow":["GET"]}}],"collection":[{"href":"https:\/\/glowery.me\/de\/wp-json\/wp\/v2\/product"}],"about":[{"href":"https:\/\/glowery.me\/de\/wp-json\/wp\/v2\/types\/product"}],"replies":[{"embeddable":true,"href":"https:\/\/glowery.me\/de\/wp-json\/wp\/v2\/comments?post=27242"}],"wp:featuredmedia":[{"embeddable":true,"href":"https:\/\/glowery.me\/de\/wp-json\/wp\/v2\/media\/12019"}],"wp:attachment":[{"href":"https:\/\/glowery.me\/de\/wp-json\/wp\/v2\/media?parent=27242"}],"wp:term":[{"taxonomy":"product_brand","embeddable":true,"href":"https:\/\/glowery.me\/de\/wp-json\/wp\/v2\/product_brand?post=27242"},{"taxonomy":"product_cat","embeddable":true,"href":"https:\/\/glowery.me\/de\/wp-json\/wp\/v2\/product_cat?post=27242"},{"taxonomy":"product_tag","embeddable":true,"href":"https:\/\/glowery.me\/de\/wp-json\/wp\/v2\/product_tag?post=27242"}],"curies":[{"name":"wp","href":"https:\/\/api.w.org\/{rel}","templated":true}]}}